{"id":469,"date":"2024-05-09T09:48:45","date_gmt":"2024-05-09T09:48:45","guid":{"rendered":"https:\/\/www.flexippf.com\/?page_id=469"},"modified":"2024-07-04T10:01:41","modified_gmt":"2024-07-04T10:01:41","slug":"blogs","status":"publish","type":"page","link":"https:\/\/www.flexippf.com\/es\/blogs\/","title":{"rendered":"Blogs"},"content":{"rendered":"<div data-elementor-type=\"wp-page\" data-elementor-id=\"469\" class=\"elementor elementor-469\" data-elementor-post-type=\"page\">\n\t\t\t\t\t\t<section class=\"elementor-section elementor-top-section elementor-element elementor-element-065bab3 elementor-section-height-min-height elementor-section-boxed elementor-section-height-default elementor-section-items-middle\" data-id=\"065bab3\" data-element_type=\"section\" data-settings=\"{&quot;background_background&quot;:&quot;classic&quot;}\">\n\t\t\t\t\t\t\t<div class=\"elementor-background-overlay\"><\/div>\n\t\t\t\t\t\t\t<div class=\"elementor-container elementor-column-gap-default\">\n\t\t\t\t\t<div class=\"elementor-column elementor-col-100 elementor-top-column elementor-element elementor-element-714e9ac\" data-id=\"714e9ac\" data-element_type=\"column\">\n\t\t\t<div class=\"elementor-widget-wrap elementor-element-populated\">\n\t\t\t\t\t\t<div class=\"elementor-element elementor-element-5cb2465 elementor-widget elementor-widget-heading\" data-id=\"5cb2465\" data-element_type=\"widget\" data-widget_type=\"heading.default\">\n\t\t\t\t<div class=\"elementor-widget-container\">\n\t\t\t<h1 class=\"elementor-heading-title elementor-size-default\">Blogs<\/h1>\t\t<\/div>\n\t\t\t\t<\/div>\n\t\t\t\t<div class=\"elementor-element elementor-element-d9b6e14 elementor-widget elementor-widget-pp-breadcrumbs\" data-id=\"d9b6e14\" data-element_type=\"widget\" data-settings=\"{&quot;breadcrumbs_type&quot;:&quot;powerpack&quot;}\" data-widget_type=\"pp-breadcrumbs.default\">\n\t\t\t\t<div class=\"elementor-widget-container\">\n\t\t\t<ul class=\"pp-breadcrumbs pp-breadcrumbs-powerpack\">\t\t<li class=\"pp-breadcrumbs-item pp-breadcrumbs-item-home\">\n\t\t\t<a class=\"pp-breadcrumbs-crumb pp-breadcrumbs-crumb-link pp-breadcrumbs-crumb-home\" href=\"https:\/\/www.flexippf.com\/es\" title=\"Inicio\">\n\t\t\t\t<span class=\"pp-breadcrumbs-text\">\n\t\t\t\t\t\t\t\t\t\tInicio\t\t\t\t<\/span>\n\t\t\t<\/a>\n\t\t<\/li>\n\t\t<li class=\"pp-breadcrumbs-separator\">\t\t\t\t<span class='pp-separator-icon pp-icon'>\n\t\t\t\t\t<svg aria-hidden=\"true\" class=\"e-font-icon-svg e-fas-angle-right\" viewbox=\"0 0 256 512\" xmlns=\"http:\/\/www.w3.org\/2000\/svg\"><path d=\"M224.3 273l-136 136c-9.4 9.4-24.6 9.4-33.9 0l-22.6-22.6c-9.4-9.4-9.4-24.6 0-33.9l96.4-96.4-96.4-96.4c-9.4-9.4-9.4-24.6 0-33.9L54.3 103c9.4-9.4 24.6-9.4 33.9 0l136 136c9.5 9.4 9.5 24.6.1 34z\"><\/path><\/svg>\t\t\t\t<\/span>\n\t\t\t\t<\/li><\/ul>\t\t<\/div>\n\t\t\t\t<\/div>\n\t\t\t\t\t<\/div>\n\t\t<\/div>\n\t\t\t\t\t<\/div>\n\t\t<\/section>\n\t\t\t\t<section class=\"elementor-section elementor-top-section elementor-element elementor-element-b56ea66 elementor-section-boxed elementor-section-height-default elementor-section-height-default\" data-id=\"b56ea66\" data-element_type=\"section\">\n\t\t\t\t\t\t<div class=\"elementor-container elementor-column-gap-default\">\n\t\t\t\t\t<div class=\"elementor-column elementor-col-100 elementor-top-column elementor-element elementor-element-40900d9\" data-id=\"40900d9\" data-element_type=\"column\">\n\t\t\t<div class=\"elementor-widget-wrap elementor-element-populated\">\n\t\t\t\t\t\t<div class=\"elementor-element elementor-element-fd900db elementor-grid-tablet-3 elementor-grid-3 elementor-grid-mobile-1 elementor-widget elementor-widget-pp-posts\" data-id=\"fd900db\" data-element_type=\"widget\" data-widget_type=\"pp-posts.card\">\n\t\t\t\t<div class=\"elementor-widget-container\">\n\t\t\t\t\t<div class=\"pp-posts-container\">\n\t\t\t\n\t\t\t\t\t\t\t\t\t\t\n\t\t\t<div class=\"pp-posts pp-posts-skin-card elementor-grid pp-posts-grid\" data-query-type=\"custom\" data-layout=\"grid\" data-page=\"469\" data-skin=\"card\">\n\t\t\t\t\t\t\t\t\t\t\t<div class=\"pp-post-wrap pp-grid-item-wrap elementor-grid-item post-4943 post type-post status-publish format-standard has-post-thumbnail hentry category-uncategorized\">\n\t\t\t\t\t\t<div class=\"pp-post pp-grid-item\">\n\t\t\t\t\t\t<div class=\"pp-post-thumbnail\">\n\t\t\t<a class=\"pp-post-thumbnail-wrap\" href=\"https:\/\/www.flexippf.com\/es\/how-to-protect-windshield-from-rocks\/\" title=\"C\u00f3mo proteger el parabrisas de las piedras: 5 t\u00e1cticas que realmente funcionan\">\n\t\t\t\t<img fetchpriority=\"high\" decoding=\"async\" width=\"800\" height=\"600\" src=\"https:\/\/www.flexippf.com\/wp-content\/uploads\/2026\/03\/how-to-protect-windshield-from-rocks.webp\" class=\"attachment-large size-large wp-image-4950\" alt=\"c\u00f3mo proteger el parabrisas de las piedras\" srcset=\"https:\/\/www.flexippf.com\/wp-content\/uploads\/2026\/03\/how-to-protect-windshield-from-rocks.webp 1024w, https:\/\/www.flexippf.com\/wp-content\/uploads\/2026\/03\/how-to-protect-windshield-from-rocks-300x225.webp 300w, https:\/\/www.flexippf.com\/wp-content\/uploads\/2026\/03\/how-to-protect-windshield-from-rocks-768x576.webp 768w, https:\/\/www.flexippf.com\/wp-content\/uploads\/2026\/03\/how-to-protect-windshield-from-rocks-16x12.webp 16w, https:\/\/www.flexippf.com\/wp-content\/uploads\/2026\/03\/how-to-protect-windshield-from-rocks-600x450.webp 600w\" sizes=\"(max-width: 800px) 100vw, 800px\" \/>\t\t\t<\/a>\n\t\t<\/div>\n\t\t\n\t\t\t\t<div class=\"pp-post-content-wrap\">\n\t\t\t\t\t<div class=\"pp-post-content\">\n\t\t\t\t\t\t\t\t\t\t\t\t<h4 class=\"pp-post-title\">\n\t\t\t\t<a href=\"https:\/\/www.flexippf.com\/es\/how-to-protect-windshield-from-rocks\/\">C\u00f3mo proteger el parabrisas de las piedras: 5 t\u00e1cticas que realmente funcionan<\/a>\t\t\t<\/h4>\n\t\t\t\t\t\t\t<div class=\"pp-post-excerpt\">\n\t\t\t<p>Aclaremos una cosa antes de entrar en detalles t\u00e9cnicos: no existe un campo de fuerza m\u00e1gico e indestructible para las lunas de su autom\u00f3vil. Si en un taller local le dicen que un spray qu\u00edmico $50 har\u00e1 que sus lunas sean a prueba de balas contra los escombros de la carretera, le est\u00e1n mintiendo.<\/p>\n\t\t<\/div>\n\t\t\t\t\t\t\t\t\t<\/div>\n\t\t\t\t\t\t\t\t\t<\/div>\n\n\t\t\t\t\t\t\t<\/div>\n\t\t\t\t\t<\/div>\n\t\t\t\t<div class=\"pp-post-wrap pp-grid-item-wrap elementor-grid-item post-4921 post type-post status-publish format-standard has-post-thumbnail hentry category-uncategorized\">\n\t\t\t\t\t\t<div class=\"pp-post pp-grid-item\">\n\t\t\t\t\t\t<div class=\"pp-post-thumbnail\">\n\t\t\t<a class=\"pp-post-thumbnail-wrap\" href=\"https:\/\/www.flexippf.com\/es\/tesla-paint-protection\/\" title=\"Protecci\u00f3n de Pintura Tesla: Los costes ocultos, Carfax Hits y PPF verdades\">\n\t\t\t\t<img decoding=\"async\" width=\"800\" height=\"600\" src=\"https:\/\/www.flexippf.com\/wp-content\/uploads\/2026\/03\/Tesla-Paint-Protection.webp\" class=\"attachment-large size-large wp-image-4937\" alt=\"Protecci\u00f3n de pintura Tesla\" srcset=\"https:\/\/www.flexippf.com\/wp-content\/uploads\/2026\/03\/Tesla-Paint-Protection.webp 1024w, https:\/\/www.flexippf.com\/wp-content\/uploads\/2026\/03\/Tesla-Paint-Protection-300x225.webp 300w, https:\/\/www.flexippf.com\/wp-content\/uploads\/2026\/03\/Tesla-Paint-Protection-768x576.webp 768w, https:\/\/www.flexippf.com\/wp-content\/uploads\/2026\/03\/Tesla-Paint-Protection-16x12.webp 16w, https:\/\/www.flexippf.com\/wp-content\/uploads\/2026\/03\/Tesla-Paint-Protection-600x450.webp 600w\" sizes=\"(max-width: 800px) 100vw, 800px\" \/>\t\t\t<\/a>\n\t\t<\/div>\n\t\t\n\t\t\t\t<div class=\"pp-post-content-wrap\">\n\t\t\t\t\t<div class=\"pp-post-content\">\n\t\t\t\t\t\t\t\t\t\t\t\t<h4 class=\"pp-post-title\">\n\t\t\t\t<a href=\"https:\/\/www.flexippf.com\/es\/tesla-paint-protection\/\">Protecci\u00f3n de Pintura Tesla: Los costes ocultos, Carfax Hits y PPF verdades<\/a>\t\t\t<\/h4>\n\t\t\t\t\t\t\t<div class=\"pp-post-excerpt\">\n\t\t\t<p>Para diagnosticar correctamente por qu\u00e9 un Tesla requiere una estrategia de protecci\u00f3n de la pintura fundamentalmente diferente a la de un veh\u00edculo con motor de combusti\u00f3n interna (ICE) heredado, debemos mirar m\u00e1s all\u00e1 de la est\u00e9tica minimalista y adentrarnos en la realidad molecular de la fabricaci\u00f3n automovil\u00edstica contempor\u00e1nea. La reputaci\u00f3n de \"pintura blanda\" que ha perseguido a Tesla desde los primeros d\u00edas de producci\u00f3n del Model S no es una mera evidencia anecd\u00f3tica de propietarios frustrados; es un subproducto verificable de las r\u00edgidas restricciones de la ingenier\u00eda industrial y del agresivo cumplimiento de las normativas medioambientales globales. Cuando recibes un Tesla nuevo, asumes la propiedad de una capa transparente que es qu\u00edmica y f\u00edsicamente distinta de los acabados con alto contenido en disolventes de la d\u00e9cada de 1990, lo que hace que la pintura de Tesla sea especialmente susceptible al estr\u00e9s externo.<\/p>\n\t\t<\/div>\n\t\t\t\t\t\t\t\t\t<\/div>\n\t\t\t\t\t\t\t\t\t<\/div>\n\n\t\t\t\t\t\t\t<\/div>\n\t\t\t\t\t<\/div>\n\t\t\t\t<div class=\"pp-post-wrap pp-grid-item-wrap elementor-grid-item post-4914 post type-post status-publish format-standard has-post-thumbnail hentry category-uncategorized\">\n\t\t\t\t\t\t<div class=\"pp-post pp-grid-item\">\n\t\t\t\t\t\t<div class=\"pp-post-thumbnail\">\n\t\t\t<a class=\"pp-post-thumbnail-wrap\" href=\"https:\/\/www.flexippf.com\/es\/xpel-window-tint-price\/\" title=\"Gu\u00eda de precios de tintado de ventanas XPEL: \u00bfMerece la pena pagar m\u00e1s por XR Plus?\">\n\t\t\t\t<img decoding=\"async\" width=\"800\" height=\"600\" src=\"https:\/\/www.flexippf.com\/wp-content\/uploads\/2026\/03\/xpel-window-tint-price.webp\" class=\"attachment-large size-large wp-image-4910\" alt=\"xpel window tint price\" srcset=\"https:\/\/www.flexippf.com\/wp-content\/uploads\/2026\/03\/xpel-window-tint-price.webp 1024w, https:\/\/www.flexippf.com\/wp-content\/uploads\/2026\/03\/xpel-window-tint-price-300x225.webp 300w, https:\/\/www.flexippf.com\/wp-content\/uploads\/2026\/03\/xpel-window-tint-price-768x576.webp 768w, https:\/\/www.flexippf.com\/wp-content\/uploads\/2026\/03\/xpel-window-tint-price-16x12.webp 16w, https:\/\/www.flexippf.com\/wp-content\/uploads\/2026\/03\/xpel-window-tint-price-600x450.webp 600w\" sizes=\"(max-width: 800px) 100vw, 800px\" \/>\t\t\t<\/a>\n\t\t<\/div>\n\t\t\n\t\t\t\t<div class=\"pp-post-content-wrap\">\n\t\t\t\t\t<div class=\"pp-post-content\">\n\t\t\t\t\t\t\t\t\t\t\t\t<h4 class=\"pp-post-title\">\n\t\t\t\t<a href=\"https:\/\/www.flexippf.com\/es\/xpel-window-tint-price\/\">Gu\u00eda de precios de tintado de ventanas XPEL: \u00bfMerece la pena pagar m\u00e1s por XR Plus?<\/a>\t\t\t<\/h4>\n\t\t\t\t\t\t\t<div class=\"pp-post-excerpt\">\n\t\t\t<p>Acabas de sacar tu nuevo veh\u00edculo del concesionario, tal vez un Tesla Model Y o una elegante berlina de lujo. Sabe que las lunas de serie no le servir\u00e1n para combatir el calor abrasador del verano, as\u00ed que empieza a hacer llamadas. De repente, te encuentras con un presupuesto de entre 1.200 y 1.500 \u00a4 para el tintado de lunas. La pregunta es inmediata: \u00bfMe est\u00e1n timando o este es el precio real del tintado de lunas con xpel en 2026?<\/p>\n\t\t<\/div>\n\t\t\t\t\t\t\t\t\t<\/div>\n\t\t\t\t\t\t\t\t\t<\/div>\n\n\t\t\t\t\t\t\t<\/div>\n\t\t\t\t\t<\/div>\n\t\t\t\t<div class=\"pp-post-wrap pp-grid-item-wrap elementor-grid-item post-4896 post type-post status-publish format-standard has-post-thumbnail hentry category-mml-blog\">\n\t\t\t\t\t\t<div class=\"pp-post pp-grid-item\">\n\t\t\t\t\t\t<div class=\"pp-post-thumbnail\">\n\t\t\t<a class=\"pp-post-thumbnail-wrap\" href=\"https:\/\/www.flexippf.com\/es\/satin-ppf-cost\/\" title=\"El verdadero coste del PPF satinado: Desglose de precios y gu\u00eda del instalador\">\n\t\t\t\t<img loading=\"lazy\" decoding=\"async\" width=\"800\" height=\"600\" src=\"https:\/\/www.flexippf.com\/wp-content\/uploads\/2026\/03\/satin-ppf-cost.webp\" class=\"attachment-large size-large wp-image-4844\" alt=\"coste ppf satinado\" srcset=\"https:\/\/www.flexippf.com\/wp-content\/uploads\/2026\/03\/satin-ppf-cost.webp 1024w, https:\/\/www.flexippf.com\/wp-content\/uploads\/2026\/03\/satin-ppf-cost-300x225.webp 300w, https:\/\/www.flexippf.com\/wp-content\/uploads\/2026\/03\/satin-ppf-cost-768x576.webp 768w, https:\/\/www.flexippf.com\/wp-content\/uploads\/2026\/03\/satin-ppf-cost-16x12.webp 16w, https:\/\/www.flexippf.com\/wp-content\/uploads\/2026\/03\/satin-ppf-cost-600x450.webp 600w, https:\/\/www.flexippf.com\/wp-content\/uploads\/2026\/03\/elementor\/thumbs\/satin-ppf-cost-rkx3x33m1h0rrvh1ien8hir2y5ktmi09766ip70q2o.webp 512w\" sizes=\"(max-width: 800px) 100vw, 800px\" \/>\t\t\t<\/a>\n\t\t<\/div>\n\t\t\n\t\t\t\t<div class=\"pp-post-content-wrap\">\n\t\t\t\t\t<div class=\"pp-post-content\">\n\t\t\t\t\t\t\t\t\t\t\t\t<h4 class=\"pp-post-title\">\n\t\t\t\t<a href=\"https:\/\/www.flexippf.com\/es\/satin-ppf-cost\/\">El verdadero coste del PPF satinado: Desglose de precios y gu\u00eda del instalador<\/a>\t\t\t<\/h4>\n\t\t\t\t\t\t\t<div class=\"pp-post-excerpt\">\n\t\t\t<p>La est\u00e9tica sigilosa definitiva se demanda en 2026 m\u00e1s que nunca, lo que ha impulsado un aumento del inter\u00e9s por la pel\u00edcula de protecci\u00f3n de pintura mate. Sin embargo, cuando a los propietarios de veh\u00edculos y gerentes de concesionarios se les ofrece su presupuesto inicial, el coste de la ppf satinada suele ser asombroso, alcanzando regularmente la marca de $6.000. Dado que esto representa una inversi\u00f3n importante, es posible que se pregunte: \u00bfest\u00e1 pagando un sobreprecio por la verdadera artesan\u00eda, o simplemente est\u00e1 absorbiendo m\u00e1rgenes innecesarios de intermediarios? Para ayudarle a tomar una decisi\u00f3n informada, vamos a desglosar las cifras reales.<\/p>\n\t\t<\/div>\n\t\t\t\t\t\t\t\t\t<\/div>\n\t\t\t\t\t\t\t\t\t<\/div>\n\n\t\t\t\t\t\t\t<\/div>\n\t\t\t\t\t<\/div>\n\t\t\t\t<div class=\"pp-post-wrap pp-grid-item-wrap elementor-grid-item post-4836 post type-post status-publish format-standard has-post-thumbnail hentry category-uncategorized\">\n\t\t\t\t\t\t<div class=\"pp-post pp-grid-item\">\n\t\t\t\t\t\t<div class=\"pp-post-thumbnail\">\n\t\t\t<a class=\"pp-post-thumbnail-wrap\" href=\"https:\/\/www.flexippf.com\/es\/do-tinted-windows-keep-car-cooler\/\" title=\"\u00bfLos cristales tintados mantienen el coche m\u00e1s fresco? La gu\u00eda cient\u00edfica definitiva\">\n\t\t\t\t<img loading=\"lazy\" decoding=\"async\" width=\"800\" height=\"600\" src=\"https:\/\/www.flexippf.com\/wp-content\/uploads\/2026\/03\/do-tinted-windows-keep-car-cooler.webp\" class=\"attachment-large size-large wp-image-4832\" alt=\"\u00bflos cristales tintados enfr\u00edan el coche?\" srcset=\"https:\/\/www.flexippf.com\/wp-content\/uploads\/2026\/03\/do-tinted-windows-keep-car-cooler.webp 1024w, https:\/\/www.flexippf.com\/wp-content\/uploads\/2026\/03\/do-tinted-windows-keep-car-cooler-300x225.webp 300w, https:\/\/www.flexippf.com\/wp-content\/uploads\/2026\/03\/do-tinted-windows-keep-car-cooler-768x576.webp 768w, https:\/\/www.flexippf.com\/wp-content\/uploads\/2026\/03\/do-tinted-windows-keep-car-cooler-16x12.webp 16w, https:\/\/www.flexippf.com\/wp-content\/uploads\/2026\/03\/do-tinted-windows-keep-car-cooler-600x450.webp 600w\" sizes=\"(max-width: 800px) 100vw, 800px\" \/>\t\t\t<\/a>\n\t\t<\/div>\n\t\t\n\t\t\t\t<div class=\"pp-post-content-wrap\">\n\t\t\t\t\t<div class=\"pp-post-content\">\n\t\t\t\t\t\t\t\t\t\t\t\t<h4 class=\"pp-post-title\">\n\t\t\t\t<a href=\"https:\/\/www.flexippf.com\/es\/do-tinted-windows-keep-car-cooler\/\">\u00bfLos cristales tintados mantienen el coche m\u00e1s fresco? La gu\u00eda cient\u00edfica definitiva<\/a>\t\t\t<\/h4>\n\t\t\t\t\t\t\t<div class=\"pp-post-excerpt\">\n\t\t\t<p>Has experimentado el miedo absoluto a abrir la puerta de tu coche cuando has aparcado en un parking abierto durante el verano m\u00e1s caluroso. Sientes la r\u00e1faga de aire caliente en la cara, el volante est\u00e1 demasiado caliente para tocarlo y los asientos de cuero parecen una sart\u00e9n. La mayor\u00eda de los conductores recurren al tintado de las ventanillas del coche en un intento de superar el calor excesivo del verano. Sin embargo, siempre surge una pregunta: \"\u00bfLos cristales tintados mantienen el coche m\u00e1s fresco?\". \u00bfY las l\u00e1minas para lunas son una mera mejora est\u00e9tica, o hay alguna ciencia detr\u00e1s de las afirmaciones sobre refrigeraci\u00f3n?<\/p>\n\t\t<\/div>\n\t\t\t\t\t\t\t\t\t<\/div>\n\t\t\t\t\t\t\t\t\t<\/div>\n\n\t\t\t\t\t\t\t<\/div>\n\t\t\t\t\t<\/div>\n\t\t\t\t<div class=\"pp-post-wrap pp-grid-item-wrap elementor-grid-item post-4828 post type-post status-publish format-standard has-post-thumbnail hentry category-uncategorized\">\n\t\t\t\t\t\t<div class=\"pp-post pp-grid-item\">\n\t\t\t\t\t\t<div class=\"pp-post-thumbnail\">\n\t\t\t<a class=\"pp-post-thumbnail-wrap\" href=\"https:\/\/www.flexippf.com\/es\/ceramic-tint-cost\/\" title=\"\u00bfCu\u00e1nto cuesta el tinte cer\u00e1mico? Gu\u00eda completa de precios\">\n\t\t\t\t<img loading=\"lazy\" decoding=\"async\" width=\"800\" height=\"600\" src=\"https:\/\/www.flexippf.com\/wp-content\/uploads\/2026\/03\/ceramic-tint-cost.webp\" class=\"attachment-large size-large wp-image-4824\" alt=\"coste del tinte cer\u00e1mico\" srcset=\"https:\/\/www.flexippf.com\/wp-content\/uploads\/2026\/03\/ceramic-tint-cost.webp 1024w, https:\/\/www.flexippf.com\/wp-content\/uploads\/2026\/03\/ceramic-tint-cost-300x225.webp 300w, https:\/\/www.flexippf.com\/wp-content\/uploads\/2026\/03\/ceramic-tint-cost-768x576.webp 768w, https:\/\/www.flexippf.com\/wp-content\/uploads\/2026\/03\/ceramic-tint-cost-16x12.webp 16w, https:\/\/www.flexippf.com\/wp-content\/uploads\/2026\/03\/ceramic-tint-cost-600x450.webp 600w\" sizes=\"(max-width: 800px) 100vw, 800px\" \/>\t\t\t<\/a>\n\t\t<\/div>\n\t\t\n\t\t\t\t<div class=\"pp-post-content-wrap\">\n\t\t\t\t\t<div class=\"pp-post-content\">\n\t\t\t\t\t\t\t\t\t\t\t\t<h4 class=\"pp-post-title\">\n\t\t\t\t<a href=\"https:\/\/www.flexippf.com\/es\/ceramic-tint-cost\/\">\u00bfCu\u00e1nto cuesta el tinte cer\u00e1mico? Gu\u00eda completa de precios<\/a>\t\t\t<\/h4>\n\t\t\t\t\t\t\t<div class=\"pp-post-excerpt\">\n\t\t\t<p>Si est\u00e1 harto de subirse a un coche que parece un horno caliente en verano, es probable que haya empezado a plantearse el tintado de lunas. El tintado cer\u00e1mico se considera el est\u00e1ndar de oro entre las dem\u00e1s alternativas disponibles en el mercado. Presume de un rechazo al calor superior, una protecci\u00f3n UV inigualable y una mayor durabilidad. Sin embargo, cuando empieza a llamar a las tiendas locales de tintado o a navegar por Internet, se da cuenta r\u00e1pidamente de que los precios var\u00edan mucho.<\/p>\n\t\t<\/div>\n\t\t\t\t\t\t\t\t\t<\/div>\n\t\t\t\t\t\t\t\t\t<\/div>\n\n\t\t\t\t\t\t\t<\/div>\n\t\t\t\t\t<\/div>\n\t\t\t\t\t\t\t\t\t<\/div>\n\t\t\t\n\t\t\t\n\t\t\t\n\t\t\t\n\t\t\t\t\t\t\t\t\t\t\t<div class=\"pp-posts-pagination-wrap pp-posts-pagination-bottom\">\n\t\t\t\t\t\t\t\t<nav class=\"pp-posts-pagination pp-posts-pagination-ajax elementor-pagination\" role=\"navigation\" aria-label=\"Paginaci\u00f3n\" data-total=\"17\">\n\t\t\t\t<span aria-current=\"page\" class=\"page-numbers current\">1<\/span>\n<a class=\"page-numbers\" href=\"https:\/\/www.flexippf.com\/wp-json\/wp\/v2\/pages\/469\/page\/2\/\">2<\/a>\n<a class=\"page-numbers\" href=\"https:\/\/www.flexippf.com\/wp-json\/wp\/v2\/pages\/469\/page\/3\/\">3<\/a>\n<a class=\"page-numbers\" href=\"https:\/\/www.flexippf.com\/wp-json\/wp\/v2\/pages\/469\/page\/4\/\">4<\/a>\n<a class=\"page-numbers\" href=\"https:\/\/www.flexippf.com\/wp-json\/wp\/v2\/pages\/469\/page\/5\/\">5<\/a>\n<a class=\"next page-numbers\" href=\"https:\/\/www.flexippf.com\/wp-json\/wp\/v2\/pages\/469\/page\/2\/\">Siguiente \"<\/a>\t\t\t<\/nav>\n\t\t\t\t\t\t\t<\/div>\n\t\t\t\t\t\t\t\t\t<\/div>\n\n\t\t\n\t\t\t\t<\/div>\n\t\t\t\t<\/div>\n\t\t\t\t\t<\/div>\n\t\t<\/div>\n\t\t\t\t\t<\/div>\n\t\t<\/section>\n\t\t\t\t<\/div>","protected":false},"excerpt":{"rendered":"<p>Inicio Aenean euismod bibendum laoreet Lorem ipsum dolor sit amet, consectetur adipiscing elit. Aenean euismod bibendum laoreet. Proin gravida dolor sit amet lacus accumsan et viverra justo commodo. Proin sodales pulvinar sic tempor. Sociis natoque penatibus et magnis dis parturient montes, nascetur ridiculus mus. Nam fermentum, nulla luctus pharetra vulputate, felis tellus mollis orci, sed [...]<\/p>","protected":false},"author":4,"featured_media":0,"parent":0,"menu_order":0,"comment_status":"closed","ping_status":"closed","template":"","meta":{"_acf_changed":false,"_seopress_robots_primary_cat":"","_seopress_titles_title":"Latest Blogs - FlexiPPF Insights","_seopress_titles_desc":"Explore the latest blogs from FlexiPPF. Stay updated with industry insights, expert articles, and news about automotive and architectural films.","_seopress_robots_index":"","footnotes":""},"class_list":["post-469","page","type-page","status-publish","hentry"],"acf":[],"_links":{"self":[{"href":"https:\/\/www.flexippf.com\/es\/wp-json\/wp\/v2\/pages\/469","targetHints":{"allow":["GET"]}}],"collection":[{"href":"https:\/\/www.flexippf.com\/es\/wp-json\/wp\/v2\/pages"}],"about":[{"href":"https:\/\/www.flexippf.com\/es\/wp-json\/wp\/v2\/types\/page"}],"author":[{"embeddable":true,"href":"https:\/\/www.flexippf.com\/es\/wp-json\/wp\/v2\/users\/4"}],"replies":[{"embeddable":true,"href":"https:\/\/www.flexippf.com\/es\/wp-json\/wp\/v2\/comments?post=469"}],"version-history":[{"count":5,"href":"https:\/\/www.flexippf.com\/es\/wp-json\/wp\/v2\/pages\/469\/revisions"}],"predecessor-version":[{"id":1891,"href":"https:\/\/www.flexippf.com\/es\/wp-json\/wp\/v2\/pages\/469\/revisions\/1891"}],"wp:attachment":[{"href":"https:\/\/www.flexippf.com\/es\/wp-json\/wp\/v2\/media?parent=469"}],"curies":[{"name":"wp","href":"https:\/\/api.w.org\/{rel}","templated":true}]}}