{"id":479,"date":"2024-05-10T07:12:10","date_gmt":"2024-05-10T07:12:10","guid":{"rendered":"https:\/\/www.flexippf.com\/?page_id=479"},"modified":"2024-09-25T16:29:33","modified_gmt":"2024-09-25T08:29:33","slug":"gallery-page","status":"publish","type":"page","link":"https:\/\/www.flexippf.com\/es\/gallery-page\/","title":{"rendered":"Galer\u00eda"},"content":{"rendered":"<div data-elementor-type=\"wp-page\" data-elementor-id=\"479\" class=\"elementor elementor-479\" data-elementor-post-type=\"page\">\n\t\t\t\t\t\t<section class=\"elementor-section elementor-top-section elementor-element elementor-element-9f6abf4 elementor-section-height-min-height elementor-section-boxed elementor-section-height-default elementor-section-items-middle\" data-id=\"9f6abf4\" data-element_type=\"section\" data-settings=\"{&quot;background_background&quot;:&quot;classic&quot;}\">\n\t\t\t\t\t\t\t<div class=\"elementor-background-overlay\"><\/div>\n\t\t\t\t\t\t\t<div class=\"elementor-container elementor-column-gap-default\">\n\t\t\t\t\t<div class=\"elementor-column elementor-col-100 elementor-top-column elementor-element elementor-element-79d6cd6\" data-id=\"79d6cd6\" data-element_type=\"column\">\n\t\t\t<div class=\"elementor-widget-wrap elementor-element-populated\">\n\t\t\t\t\t\t<div class=\"elementor-element elementor-element-d16d406 elementor-widget elementor-widget-heading\" data-id=\"d16d406\" data-element_type=\"widget\" data-widget_type=\"heading.default\">\n\t\t\t\t<div class=\"elementor-widget-container\">\n\t\t\t<h1 class=\"elementor-heading-title elementor-size-default\">Galer\u00eda<\/h1>\t\t<\/div>\n\t\t\t\t<\/div>\n\t\t\t\t<div class=\"elementor-element elementor-element-1dc54af elementor-widget elementor-widget-pp-breadcrumbs\" data-id=\"1dc54af\" data-element_type=\"widget\" data-settings=\"{&quot;breadcrumbs_type&quot;:&quot;powerpack&quot;}\" data-widget_type=\"pp-breadcrumbs.default\">\n\t\t\t\t<div class=\"elementor-widget-container\">\n\t\t\t<ul class=\"pp-breadcrumbs pp-breadcrumbs-powerpack\">\t\t<li class=\"pp-breadcrumbs-item pp-breadcrumbs-item-home\">\n\t\t\t<a class=\"pp-breadcrumbs-crumb pp-breadcrumbs-crumb-link pp-breadcrumbs-crumb-home\" href=\"https:\/\/www.flexippf.com\/es\" title=\"Inicio\">\n\t\t\t\t<span class=\"pp-breadcrumbs-text\">\n\t\t\t\t\t\t\t\t\t\tInicio\t\t\t\t<\/span>\n\t\t\t<\/a>\n\t\t<\/li>\n\t\t<li class=\"pp-breadcrumbs-separator\">\t\t\t\t<span class='pp-separator-icon pp-icon'>\n\t\t\t\t\t<svg aria-hidden=\"true\" class=\"e-font-icon-svg e-fas-angle-right\" viewbox=\"0 0 256 512\" xmlns=\"http:\/\/www.w3.org\/2000\/svg\"><path d=\"M224.3 273l-136 136c-9.4 9.4-24.6 9.4-33.9 0l-22.6-22.6c-9.4-9.4-9.4-24.6 0-33.9l96.4-96.4-96.4-96.4c-9.4-9.4-9.4-24.6 0-33.9L54.3 103c9.4-9.4 24.6-9.4 33.9 0l136 136c9.5 9.4 9.5 24.6.1 34z\"><\/path><\/svg>\t\t\t\t<\/span>\n\t\t\t\t<\/li><\/ul>\t\t<\/div>\n\t\t\t\t<\/div>\n\t\t\t\t\t<\/div>\n\t\t<\/div>\n\t\t\t\t\t<\/div>\n\t\t<\/section>\n\t\t\t\t<section class=\"elementor-section elementor-top-section elementor-element elementor-element-678b923 elementor-section-boxed elementor-section-height-default elementor-section-height-default\" data-id=\"678b923\" data-element_type=\"section\">\n\t\t\t\t\t\t<div class=\"elementor-container elementor-column-gap-default\">\n\t\t\t\t\t<div class=\"elementor-column elementor-col-100 elementor-top-column elementor-element elementor-element-ddcf278\" data-id=\"ddcf278\" data-element_type=\"column\">\n\t\t\t<div class=\"elementor-widget-wrap elementor-element-populated\">\n\t\t\t\t\t\t<div class=\"elementor-element elementor-element-11ad555 elementor-widget elementor-widget-heading\" data-id=\"11ad555\" data-element_type=\"widget\" data-widget_type=\"heading.default\">\n\t\t\t\t<div class=\"elementor-widget-container\">\n\t\t\t<h2 class=\"elementor-heading-title elementor-size-default\">Aplicaciones de nuestras l\u00e1minas para automoci\u00f3n<\/h2>\t\t<\/div>\n\t\t\t\t<\/div>\n\t\t\t\t<div class=\"elementor-element elementor-element-94ee30b elementor-grid-4 elementor-grid-tablet-2 elementor-grid-mobile-1 pp-post-filters-align-left elementor-widget elementor-widget-pp-posts\" data-id=\"94ee30b\" data-element_type=\"widget\" data-widget_type=\"pp-posts.card\">\n\t\t\t\t<div class=\"elementor-widget-container\">\n\t\t\t\t\t<div class=\"pp-post-filters-container\">\n\t\t\t\t\t\t<div class=\"pp-post-filters-wrap pp-post-filters-dropdown-no\">\n\t\t\t\t<ul class=\"pp-post-filters\">\n\t\t\t\t\t<li class=\"pp-post-filter pp-filter-current\" data-filter=\"*\" data-taxonomy=\"\">Todos<\/li>\n\t\t\t\t\t\t\t\t\t\t\t\t\t\t\t\t\t\t\t\t\t\t\t\t<li class=\"pp-post-filter\" data-filter=\".car-wraps\" data-taxonomy=\".project_category\">Rotulaci\u00f3n de veh\u00edculos<\/li>\n\t\t\t\t\t\t\t\t\t\t\t\t\t\t\t\t\t\t\t\t\t\t\t\t\t\t<li class=\"pp-post-filter\" data-filter=\".headlight-tints\" data-taxonomy=\".project_category\">Tinte de faros<\/li>\n\t\t\t\t\t\t\t\t\t\t\t\t\t\t\t\t\t\t\t\t\t\t\t\t\t\t<li class=\"pp-post-filter\" data-filter=\".ppf\" data-taxonomy=\".project_category\">PPF<\/li>\n\t\t\t\t\t\t\t\t\t\t\t\t\t\t\t\t\t\t\t\t\t\t\t\t\t\t<li class=\"pp-post-filter\" data-filter=\".window-tints\" data-taxonomy=\".project_category\">Lunas tintadas<\/li>\n\t\t\t\t\t\t\t\t\t\t\t\t\t\t\t\t\t\t\t\t\t\t\t\t\t\t<li class=\"pp-post-filter\" data-filter=\".windshield-tints\" data-taxonomy=\".project_category\">Tintado de parabrisas<\/li>\n\t\t\t\t\t\t\t\t\t\t\t<\/ul>\n\n\t\t\t\t\t\t\t<\/div>\n\t\t\t\t\t\t\t\t<\/div>\n\t\t\t\t<div class=\"pp-posts-container\">\n\t\t\t\n\t\t\t\t\t\t\t\t\t\t\n\t\t\t<div class=\"pp-posts pp-posts-skin-card elementor-grid pp-posts-grid\" data-query-type=\"custom\" data-layout=\"grid\" data-page=\"479\" data-skin=\"card\">\n\t\t\t\t\t\t\t\t\t\t\t<div class=\"pp-post-wrap pp-grid-item-wrap elementor-grid-item post-211 gallery type-gallery status-publish has-post-thumbnail hentry project_category-car-wraps project_category-headlight-tints project_category-ppf project_category-window-tints project_category-windshield-tints\">\n\t\t\t\t\t\t<div class=\"pp-post pp-grid-item\">\n\t\t\t\t\t\t<div class=\"pp-post-thumbnail\">\n\t\t\t<a class=\"pp-post-thumbnail-wrap\" href=\"https:\/\/www.flexippf.com\/es\/gallery\/lorem-ipsum-dolor-sit-amet-5\/\" title=\"Lorem ipsum dolor sit amet\">\n\t\t\t\t<img alt=\"\" fetchpriority=\"high\" decoding=\"async\" width=\"800\" height=\"534\" src=\"https:\/\/www.flexippf.com\/wp-content\/uploads\/2024\/04\/shutterstock_2390726133-1024x683.jpg\" class=\"attachment-large size-large wp-image-54\" srcset=\"https:\/\/www.flexippf.com\/wp-content\/uploads\/2024\/04\/shutterstock_2390726133-1024x683.jpg 1024w, https:\/\/www.flexippf.com\/wp-content\/uploads\/2024\/04\/shutterstock_2390726133-300x200.jpg 300w, https:\/\/www.flexippf.com\/wp-content\/uploads\/2024\/04\/shutterstock_2390726133-768x512.jpg 768w, https:\/\/www.flexippf.com\/wp-content\/uploads\/2024\/04\/shutterstock_2390726133-1536x1025.jpg 1536w, https:\/\/www.flexippf.com\/wp-content\/uploads\/2024\/04\/shutterstock_2390726133-600x400.jpg 600w\" sizes=\"(max-width: 800px) 100vw, 800px\" \/>\t\t\t<\/a>\n\t\t<\/div>\n\t\t\n\t\t\t\t<div class=\"pp-post-content-wrap\">\n\t\t\t\t\t<div class=\"pp-post-content\">\n\t\t\t\t\t\t\t\t\t\t\t\t<h4 class=\"pp-post-title\">\n\t\t\t\tLorem ipsum dolor sit amet\t\t\t<\/h4>\n\t\t\t\t\t\t\t<div class=\"pp-post-excerpt\">\n\t\t\t<p>Lorem ipsum dolor sit amet, consectetur adipiscing elit. Aenean euismod bibendum laoreet. Proin gravida dolo...<\/p>\n\t\t<\/div>\n\t\t\t\t\t\t\t\t\t<\/div>\n\t\t\t\t\t\t\t\t\t<\/div>\n\n\t\t\t\t\t\t\t<\/div>\n\t\t\t\t\t<\/div>\n\t\t\t\t<div class=\"pp-post-wrap pp-grid-item-wrap elementor-grid-item post-210 gallery type-gallery status-publish has-post-thumbnail hentry project_category-car-wraps project_category-headlight-tints project_category-ppf project_category-window-tints project_category-windshield-tints\">\n\t\t\t\t\t\t<div class=\"pp-post pp-grid-item\">\n\t\t\t\t\t\t<div class=\"pp-post-thumbnail\">\n\t\t\t<a class=\"pp-post-thumbnail-wrap\" href=\"https:\/\/www.flexippf.com\/es\/gallery\/lorem-ipsum-dolor-sit-amet-4\/\" title=\"Lorem ipsum dolor sit amet\">\n\t\t\t\t<img alt=\"\" fetchpriority=\"high\" decoding=\"async\" width=\"800\" height=\"534\" src=\"https:\/\/www.flexippf.com\/wp-content\/uploads\/2024\/04\/shutterstock_2390726133-1024x683.jpg\" class=\"attachment-large size-large wp-image-54\" srcset=\"https:\/\/www.flexippf.com\/wp-content\/uploads\/2024\/04\/shutterstock_2390726133-1024x683.jpg 1024w, https:\/\/www.flexippf.com\/wp-content\/uploads\/2024\/04\/shutterstock_2390726133-300x200.jpg 300w, https:\/\/www.flexippf.com\/wp-content\/uploads\/2024\/04\/shutterstock_2390726133-768x512.jpg 768w, https:\/\/www.flexippf.com\/wp-content\/uploads\/2024\/04\/shutterstock_2390726133-1536x1025.jpg 1536w, https:\/\/www.flexippf.com\/wp-content\/uploads\/2024\/04\/shutterstock_2390726133-600x400.jpg 600w\" sizes=\"(max-width: 800px) 100vw, 800px\" \/>\t\t\t<\/a>\n\t\t<\/div>\n\t\t\n\t\t\t\t<div class=\"pp-post-content-wrap\">\n\t\t\t\t\t<div class=\"pp-post-content\">\n\t\t\t\t\t\t\t\t\t\t\t\t<h4 class=\"pp-post-title\">\n\t\t\t\tLorem ipsum dolor sit amet\t\t\t<\/h4>\n\t\t\t\t\t\t\t<div class=\"pp-post-excerpt\">\n\t\t\t<p>Lorem ipsum dolor sit amet, consectetur adipiscing elit. Aenean euismod bibendum laoreet. Proin gravida dolo...<\/p>\n\t\t<\/div>\n\t\t\t\t\t\t\t\t\t<\/div>\n\t\t\t\t\t\t\t\t\t<\/div>\n\n\t\t\t\t\t\t\t<\/div>\n\t\t\t\t\t<\/div>\n\t\t\t\t<div class=\"pp-post-wrap pp-grid-item-wrap elementor-grid-item post-209 gallery type-gallery status-publish has-post-thumbnail hentry project_category-car-wraps project_category-headlight-tints project_category-ppf project_category-window-tints project_category-windshield-tints\">\n\t\t\t\t\t\t<div class=\"pp-post pp-grid-item\">\n\t\t\t\t\t\t<div class=\"pp-post-thumbnail\">\n\t\t\t<a class=\"pp-post-thumbnail-wrap\" href=\"https:\/\/www.flexippf.com\/es\/gallery\/lorem-ipsum-dolor-sit-amet-7\/\" title=\"Lorem ipsum dolor sit amet\">\n\t\t\t\t<img alt=\"\" fetchpriority=\"high\" decoding=\"async\" width=\"800\" height=\"534\" src=\"https:\/\/www.flexippf.com\/wp-content\/uploads\/2024\/04\/shutterstock_2390726133-1024x683.jpg\" class=\"attachment-large size-large wp-image-54\" srcset=\"https:\/\/www.flexippf.com\/wp-content\/uploads\/2024\/04\/shutterstock_2390726133-1024x683.jpg 1024w, https:\/\/www.flexippf.com\/wp-content\/uploads\/2024\/04\/shutterstock_2390726133-300x200.jpg 300w, https:\/\/www.flexippf.com\/wp-content\/uploads\/2024\/04\/shutterstock_2390726133-768x512.jpg 768w, https:\/\/www.flexippf.com\/wp-content\/uploads\/2024\/04\/shutterstock_2390726133-1536x1025.jpg 1536w, https:\/\/www.flexippf.com\/wp-content\/uploads\/2024\/04\/shutterstock_2390726133-600x400.jpg 600w\" sizes=\"(max-width: 800px) 100vw, 800px\" \/>\t\t\t<\/a>\n\t\t<\/div>\n\t\t\n\t\t\t\t<div class=\"pp-post-content-wrap\">\n\t\t\t\t\t<div class=\"pp-post-content\">\n\t\t\t\t\t\t\t\t\t\t\t\t<h4 class=\"pp-post-title\">\n\t\t\t\tLorem ipsum dolor sit amet\t\t\t<\/h4>\n\t\t\t\t\t\t\t<div class=\"pp-post-excerpt\">\n\t\t\t<p>Lorem ipsum dolor sit amet, consectetur adipiscing elit. Aenean euismod bibendum laoreet. Proin gravida dolo...<\/p>\n\t\t<\/div>\n\t\t\t\t\t\t\t\t\t<\/div>\n\t\t\t\t\t\t\t\t\t<\/div>\n\n\t\t\t\t\t\t\t<\/div>\n\t\t\t\t\t<\/div>\n\t\t\t\t<div class=\"pp-post-wrap pp-grid-item-wrap elementor-grid-item post-208 gallery type-gallery status-publish has-post-thumbnail hentry project_category-car-wraps project_category-headlight-tints project_category-ppf project_category-window-tints project_category-windshield-tints\">\n\t\t\t\t\t\t<div class=\"pp-post pp-grid-item\">\n\t\t\t\t\t\t<div class=\"pp-post-thumbnail\">\n\t\t\t<a class=\"pp-post-thumbnail-wrap\" href=\"https:\/\/www.flexippf.com\/es\/gallery\/lorem-ipsum-dolor-sit-amet-6\/\" title=\"Lorem ipsum dolor sit amet\">\n\t\t\t\t<img alt=\"\" fetchpriority=\"high\" decoding=\"async\" width=\"800\" height=\"534\" src=\"https:\/\/www.flexippf.com\/wp-content\/uploads\/2024\/04\/shutterstock_2390726133-1024x683.jpg\" class=\"attachment-large size-large wp-image-54\" srcset=\"https:\/\/www.flexippf.com\/wp-content\/uploads\/2024\/04\/shutterstock_2390726133-1024x683.jpg 1024w, https:\/\/www.flexippf.com\/wp-content\/uploads\/2024\/04\/shutterstock_2390726133-300x200.jpg 300w, https:\/\/www.flexippf.com\/wp-content\/uploads\/2024\/04\/shutterstock_2390726133-768x512.jpg 768w, https:\/\/www.flexippf.com\/wp-content\/uploads\/2024\/04\/shutterstock_2390726133-1536x1025.jpg 1536w, https:\/\/www.flexippf.com\/wp-content\/uploads\/2024\/04\/shutterstock_2390726133-600x400.jpg 600w\" sizes=\"(max-width: 800px) 100vw, 800px\" \/>\t\t\t<\/a>\n\t\t<\/div>\n\t\t\n\t\t\t\t<div class=\"pp-post-content-wrap\">\n\t\t\t\t\t<div class=\"pp-post-content\">\n\t\t\t\t\t\t\t\t\t\t\t\t<h4 class=\"pp-post-title\">\n\t\t\t\tLorem ipsum dolor sit amet\t\t\t<\/h4>\n\t\t\t\t\t\t\t<div class=\"pp-post-excerpt\">\n\t\t\t<p>Lorem ipsum dolor sit amet, consectetur adipiscing elit. Aenean euismod bibendum laoreet. Proin gravida dolo...<\/p>\n\t\t<\/div>\n\t\t\t\t\t\t\t\t\t<\/div>\n\t\t\t\t\t\t\t\t\t<\/div>\n\n\t\t\t\t\t\t\t<\/div>\n\t\t\t\t\t<\/div>\n\t\t\t\t<div class=\"pp-post-wrap pp-grid-item-wrap elementor-grid-item post-213 gallery type-gallery status-publish has-post-thumbnail hentry project_category-car-wraps project_category-headlight-tints project_category-ppf project_category-window-tints project_category-windshield-tints\">\n\t\t\t\t\t\t<div class=\"pp-post pp-grid-item\">\n\t\t\t\t\t\t<div class=\"pp-post-thumbnail\">\n\t\t\t<a class=\"pp-post-thumbnail-wrap\" href=\"https:\/\/www.flexippf.com\/es\/gallery\/lorem-ipsum-dolor-sit-amet-3\/\" title=\"Lorem ipsum dolor sit amet\">\n\t\t\t\t<img alt=\"\" fetchpriority=\"high\" decoding=\"async\" width=\"800\" height=\"534\" src=\"https:\/\/www.flexippf.com\/wp-content\/uploads\/2024\/04\/shutterstock_2390726133-1024x683.jpg\" class=\"attachment-large size-large wp-image-54\" srcset=\"https:\/\/www.flexippf.com\/wp-content\/uploads\/2024\/04\/shutterstock_2390726133-1024x683.jpg 1024w, https:\/\/www.flexippf.com\/wp-content\/uploads\/2024\/04\/shutterstock_2390726133-300x200.jpg 300w, https:\/\/www.flexippf.com\/wp-content\/uploads\/2024\/04\/shutterstock_2390726133-768x512.jpg 768w, https:\/\/www.flexippf.com\/wp-content\/uploads\/2024\/04\/shutterstock_2390726133-1536x1025.jpg 1536w, https:\/\/www.flexippf.com\/wp-content\/uploads\/2024\/04\/shutterstock_2390726133-600x400.jpg 600w\" sizes=\"(max-width: 800px) 100vw, 800px\" \/>\t\t\t<\/a>\n\t\t<\/div>\n\t\t\n\t\t\t\t<div class=\"pp-post-content-wrap\">\n\t\t\t\t\t<div class=\"pp-post-content\">\n\t\t\t\t\t\t\t\t\t\t\t\t<h4 class=\"pp-post-title\">\n\t\t\t\tLorem ipsum dolor sit amet\t\t\t<\/h4>\n\t\t\t\t\t\t\t<div class=\"pp-post-excerpt\">\n\t\t\t<p>Lorem ipsum dolor sit amet, consectetur adipiscing elit. Aenean euismod bibendum laoreet. Proin gravida dolo...<\/p>\n\t\t<\/div>\n\t\t\t\t\t\t\t\t\t<\/div>\n\t\t\t\t\t\t\t\t\t<\/div>\n\n\t\t\t\t\t\t\t<\/div>\n\t\t\t\t\t<\/div>\n\t\t\t\t<div class=\"pp-post-wrap pp-grid-item-wrap elementor-grid-item post-212 gallery type-gallery status-publish has-post-thumbnail hentry project_category-car-wraps project_category-headlight-tints project_category-ppf project_category-window-tints project_category-windshield-tints\">\n\t\t\t\t\t\t<div class=\"pp-post pp-grid-item\">\n\t\t\t\t\t\t<div class=\"pp-post-thumbnail\">\n\t\t\t<a class=\"pp-post-thumbnail-wrap\" href=\"https:\/\/www.flexippf.com\/es\/gallery\/lorem-ipsum-dolor-sit-amet-2\/\" title=\"Lorem ipsum dolor sit amet\">\n\t\t\t\t<img alt=\"\" fetchpriority=\"high\" decoding=\"async\" width=\"800\" height=\"534\" src=\"https:\/\/www.flexippf.com\/wp-content\/uploads\/2024\/04\/shutterstock_2390726133-1024x683.jpg\" class=\"attachment-large size-large wp-image-54\" srcset=\"https:\/\/www.flexippf.com\/wp-content\/uploads\/2024\/04\/shutterstock_2390726133-1024x683.jpg 1024w, https:\/\/www.flexippf.com\/wp-content\/uploads\/2024\/04\/shutterstock_2390726133-300x200.jpg 300w, https:\/\/www.flexippf.com\/wp-content\/uploads\/2024\/04\/shutterstock_2390726133-768x512.jpg 768w, https:\/\/www.flexippf.com\/wp-content\/uploads\/2024\/04\/shutterstock_2390726133-1536x1025.jpg 1536w, https:\/\/www.flexippf.com\/wp-content\/uploads\/2024\/04\/shutterstock_2390726133-600x400.jpg 600w\" sizes=\"(max-width: 800px) 100vw, 800px\" \/>\t\t\t<\/a>\n\t\t<\/div>\n\t\t\n\t\t\t\t<div class=\"pp-post-content-wrap\">\n\t\t\t\t\t<div class=\"pp-post-content\">\n\t\t\t\t\t\t\t\t\t\t\t\t<h4 class=\"pp-post-title\">\n\t\t\t\tLorem ipsum dolor sit amet\t\t\t<\/h4>\n\t\t\t\t\t\t\t<div class=\"pp-post-excerpt\">\n\t\t\t<p>Lorem ipsum dolor sit amet, consectetur adipiscing elit. Aenean euismod bibendum laoreet. Proin gravida dolo...<\/p>\n\t\t<\/div>\n\t\t\t\t\t\t\t\t\t<\/div>\n\t\t\t\t\t\t\t\t\t<\/div>\n\n\t\t\t\t\t\t\t<\/div>\n\t\t\t\t\t<\/div>\n\t\t\t\t<div class=\"pp-post-wrap pp-grid-item-wrap elementor-grid-item post-206 gallery type-gallery status-publish has-post-thumbnail hentry project_category-car-wraps project_category-headlight-tints project_category-ppf project_category-window-tints project_category-windshield-tints\">\n\t\t\t\t\t\t<div class=\"pp-post pp-grid-item\">\n\t\t\t\t\t\t<div class=\"pp-post-thumbnail\">\n\t\t\t<a class=\"pp-post-thumbnail-wrap\" href=\"https:\/\/www.flexippf.com\/es\/gallery\/lorem-ipsum-dolor-sit-amet\/\" title=\"Lorem ipsum dolor sit amet\">\n\t\t\t\t<img alt=\"\" fetchpriority=\"high\" decoding=\"async\" width=\"800\" height=\"534\" src=\"https:\/\/www.flexippf.com\/wp-content\/uploads\/2024\/04\/shutterstock_2390726133-1024x683.jpg\" class=\"attachment-large size-large wp-image-54\" srcset=\"https:\/\/www.flexippf.com\/wp-content\/uploads\/2024\/04\/shutterstock_2390726133-1024x683.jpg 1024w, https:\/\/www.flexippf.com\/wp-content\/uploads\/2024\/04\/shutterstock_2390726133-300x200.jpg 300w, https:\/\/www.flexippf.com\/wp-content\/uploads\/2024\/04\/shutterstock_2390726133-768x512.jpg 768w, https:\/\/www.flexippf.com\/wp-content\/uploads\/2024\/04\/shutterstock_2390726133-1536x1025.jpg 1536w, https:\/\/www.flexippf.com\/wp-content\/uploads\/2024\/04\/shutterstock_2390726133-600x400.jpg 600w\" sizes=\"(max-width: 800px) 100vw, 800px\" \/>\t\t\t<\/a>\n\t\t<\/div>\n\t\t\n\t\t\t\t<div class=\"pp-post-content-wrap\">\n\t\t\t\t\t<div class=\"pp-post-content\">\n\t\t\t\t\t\t\t\t\t\t\t\t<h4 class=\"pp-post-title\">\n\t\t\t\tLorem ipsum dolor sit amet\t\t\t<\/h4>\n\t\t\t\t\t\t\t<div class=\"pp-post-excerpt\">\n\t\t\t<p>Lorem ipsum dolor sit amet, consectetur adipiscing elit. Aenean euismod bibendum laoreet. Proin gravida dolo...<\/p>\n\t\t<\/div>\n\t\t\t\t\t\t\t\t\t<\/div>\n\t\t\t\t\t\t\t\t\t<\/div>\n\n\t\t\t\t\t\t\t<\/div>\n\t\t\t\t\t<\/div>\n\t\t\t\t\t\t\t\t\t<\/div>\n\t\t\t\n\t\t\t\n\t\t\t\n\t\t\t\n\t\t\t\t\t\t\t\t\t\t\t\t<\/div>\n\n\t\t\n\t\t\t\t<\/div>\n\t\t\t\t<\/div>\n\t\t\t\t<div class=\"elementor-element elementor-element-6bb036b elementor-align-center elementor-widget elementor-widget-button\" data-id=\"6bb036b\" data-element_type=\"widget\" data-widget_type=\"button.default\">\n\t\t\t\t<div class=\"elementor-widget-container\">\n\t\t\t\t\t<div class=\"elementor-button-wrapper\">\n\t\t\t<a class=\"elementor-button elementor-button-link elementor-size-sm\" href=\"#\">\n\t\t\t\t\t\t<span class=\"elementor-button-content-wrapper\">\n\t\t\t\t\t\t\t\t\t<span class=\"elementor-button-text\">EXPLORE NUESTRA GALER\u00cdA<\/span>\n\t\t\t\t\t<\/span>\n\t\t\t\t\t<\/a>\n\t\t<\/div>\n\t\t\t\t<\/div>\n\t\t\t\t<\/div>\n\t\t\t\t\t<\/div>\n\t\t<\/div>\n\t\t\t\t\t<\/div>\n\t\t<\/section>\n\t\t\t\t<\/div>","protected":false},"excerpt":{"rendered":"<p>Inicio Aplicaciones de nuestras l\u00e1minas para autom\u00f3viles Todas las rotulaciones de veh\u00edculos Tintado de faros Tintado de ventanas PPF Tintado de parabrisas Lorem ipsum dolor sit amet Lorem ipsum dolor sit amet, consectetur adipiscing elit. Aenean euismod bibendum laoreet. Lorem ipsum dolor sit amet Lorem ipsum dolor sit amet, consectetur adipiscing elit. Aenean euismod bibendum laoreet. Proin gravida [...]<\/p>","protected":false},"author":4,"featured_media":0,"parent":0,"menu_order":0,"comment_status":"closed","ping_status":"closed","template":"elementor_header_footer","meta":{"_acf_changed":false,"_seopress_robots_primary_cat":"","_seopress_titles_title":"","_seopress_titles_desc":"","_seopress_robots_index":"","footnotes":""},"class_list":["post-479","page","type-page","status-publish","hentry"],"acf":[],"_links":{"self":[{"href":"https:\/\/www.flexippf.com\/es\/wp-json\/wp\/v2\/pages\/479","targetHints":{"allow":["GET"]}}],"collection":[{"href":"https:\/\/www.flexippf.com\/es\/wp-json\/wp\/v2\/pages"}],"about":[{"href":"https:\/\/www.flexippf.com\/es\/wp-json\/wp\/v2\/types\/page"}],"author":[{"embeddable":true,"href":"https:\/\/www.flexippf.com\/es\/wp-json\/wp\/v2\/users\/4"}],"replies":[{"embeddable":true,"href":"https:\/\/www.flexippf.com\/es\/wp-json\/wp\/v2\/comments?post=479"}],"version-history":[{"count":4,"href":"https:\/\/www.flexippf.com\/es\/wp-json\/wp\/v2\/pages\/479\/revisions"}],"predecessor-version":[{"id":483,"href":"https:\/\/www.flexippf.com\/es\/wp-json\/wp\/v2\/pages\/479\/revisions\/483"}],"wp:attachment":[{"href":"https:\/\/www.flexippf.com\/es\/wp-json\/wp\/v2\/media?parent=479"}],"curies":[{"name":"wp","href":"https:\/\/api.w.org\/{rel}","templated":true}]}}